{"id":2219,"date":"2021-11-15T13:10:06","date_gmt":"2021-11-15T12:10:06","guid":{"rendered":"http:\/\/residencialessaleses.tk\/politica-de-privacidad\/"},"modified":"2022-03-11T10:22:29","modified_gmt":"2022-03-11T09:22:29","slug":"politica-de-privacitat","status":"publish","type":"page","link":"https:\/\/saleses.org\/ca\/politica-de-privacitat\/","title":{"rendered":"POL\u00cdTICA DE PRIVACITAT"},"content":{"rendered":"<div>\n<p>POL\u00cdTICA DE PRIVACITAT I PROTECCI\u00d3 DE DADES<\/p>\n<p>Sabem que la protecci\u00f3 de la informaci\u00f3 personal \u00e9s important per als nostres usuaris i tamb\u00e9 ho \u00e9s per a nosaltres, per aix\u00f2, us recomanem que abans de registrar-vos com a usuari i acceptar el tractament de les vostres dades, llegiu atentament la nostra pol\u00edtica de privadesa per comprendre com anem a tractar la vostra informaci\u00f3 personal. personals\u201d o \u201cinformaci\u00f3 personal\u201d) que apareix aqu\u00ed descrit per al seu emmagatzematge, \u00fas i comunicaci\u00f3 a tercers. peri\u00f2dicament. SI EN ALGUN MOMENT, COM A CONSEQ\u00dc\u00c8NCIA DE LA MODIFICACIONS REALITZADES, NO EST\u00c0S D&#8217;ACORD AMB LA NOSTRA POL\u00cdTICA PODR\u00c0 CANCEL\u00b7LAR EL SEU COMPTE D&#8217;USUARI.<\/p>\n<p>Titularitat de les dades i finalitat d\u00fas daquestes.<\/p>\n<p>Les vostres dades s&#8217;incorporen al fitxer el responsable del qual \u00e9s:<\/p>\n<p>NIF: G-08869133<\/p>\n<p>Ra\u00f3 social: CLUB D\u2019AVIS LES SALESES<\/p>\n<p>Domicili Social: Carrer Consell de Cent, 403 3r 2a 08009 Barcelona<\/p>\n<p>Correu electr\u00f2nic: protecciodades@residencialessaleses.org<\/p>\n<p>Quan utilitzeu el formulari de registre a https:\/\/saleses.org\/es\/contacto ens facilita dades personals que s\u00f3n incorporades a la nostra base de dades. Tamb\u00e9 genera informaci\u00f3 com a conseq\u00fc\u00e8ncia de la seva interacci\u00f3 dins la nostra organitzaci\u00f3 que podem conservar. Tot tractament de dades realitzat per CLUB D\u2019AVIS LES SALESES sempre i en tot cas es basa en un consentiment expr\u00e9s per part de l\u00b4usuari.<\/p>\n<p>Per demanar el consentiment, l&#8217;usuari haur\u00e0 de marcar els checkbox que acompanyen el formulari de recollida de dades. Sense lautoritzaci\u00f3 expressa, les dades no seran tractades, avisant aix\u00ed la web que no permetr\u00e0 continuar amb el proc\u00e9s quan el tractament sigui necessari. La nostra web genera un registre de cadascun dels consentiments prestats per l&#8217;usuari als efectes de poder acreditar-ne la prestaci\u00f3 efectiva i la data.<\/p>\n<p>Entenem per consentiment expr\u00e9s aquell que implica un acte positiu per part de l&#8217;usuari, no basant mai un tractament en el simple silenci o inacci\u00f3 de l&#8217;usuari.<\/p>\n<p>Igualment seran objecte de tractament les dades que ens faciliti per accedir a qualsevol servei o funcionalitat que posem a la seva disposici\u00f3 dins la p\u00e0gina web, sempre informant del tractament que es realitzar\u00e0 i demanant el seu consentiment de forma expressa.<\/p>\n<p>Les dades seran conservades mentre no manifesti el contrari, comunicant-nos la seva decisi\u00f3 de no continuar utilitzant les funcionalitats per a les quals ens ho va facilitar.<\/p>\n<p>Us informem que la nostra plataforma no realitza cap tractament encaminat a adoptar decisions automatitzades o elaboraci\u00f3 de perfils, i tampoc es realitza, ni es t\u00e9 previsi\u00f3 realitzar transfer\u00e8ncies a tercers pa\u00efsos<\/p>\n<p>A m\u00e9s, posem a disposici\u00f3 dels usuaris de la web formularis per contactar amb nosaltres i fer-nos arribar els vostres suggeriments.<\/p>\n<p>Totes les dades seran incorporades als diferents Registres d&#8217;Activitat del Tractament que estan a disposici\u00f3 de l&#8217;Ag\u00e8ncia Espanyola de Protecci\u00f3 de Dades (d&#8217;ara endavant \u201cAEPD\u201d) qui s&#8217;encarrega de vetllar pel compliment de la normativa de protecci\u00f3 de dades segons la legislaci\u00f3 espanyola i europea vigent, i davant de qui pot presentar una reclamaci\u00f3 si considera que la nostra plataforma ha danyat els seus Drets Fonamentals en mat\u00e8ria de Protecci\u00f3 de Dades.<\/p>\n<p>Les dades que ens faciliteu durant l&#8217;\u00fas de les funcions del web de CLUB D\u2019AVIS LES SALESES poden ser obligat\u00f2ries o no, per\u00f2 sempre us indicarem quan ho s\u00f3n a trav\u00e9s d&#8217;un asterisc o mecanisme similar. Si no ens facilita les dades obligat\u00f2ries no podr\u00e0 accedir al servei que estigui sol\u00b7licitant.<\/p>\n<p>Finalitat i legitimaci\u00f3 en la recollida de dades per CLUB D\u2019AVIS LES SALESES<\/p>\n<p>Les dades requerides s\u00f3n necess\u00e0ries per poder-lo identificar, i per utilitzar o\/i accedir als serveis i funcionalitats que tindr\u00e0 a la seva disposici\u00f3 a https:\/\/saleses.org\/es\/. En particular seran utilitzats per poder gestionar les vostres sol\u00b7licituds i l&#8217;enviament d&#8217;informaci\u00f3 del vostre inter\u00e8s.<\/p>\n<p>La legitimaci\u00f3 de qualsevol tractament realitzat per CLUB D\u2019AVIS LES SALESES sempre \u00e9s el propi consentiment de l&#8217;usuari. No rebem dades de tercers, ni compartim les dades de la nostra base de dades amb altres entitats, ni s\u00f3n objecte de cessi\u00f3. Comptem ocasionalment amb encarregats de tractament de dades que han estat elegits diligentment amb la verificaci\u00f3 pr\u00e8via de la seva capacitat per al compliment amb el RGPD.<\/p>\n<p>A m\u00e9s, podrem contactar amb vost\u00e8 per qualsevol mitj\u00e0 electr\u00f2nic disponible (plataforma web, email, tel\u00e8fon, missatges mms o sms) per enviar-li notificacions internes del sistema, sol\u00b7licituds de validaci\u00f3 per a l&#8217;us codis d&#8217;invitaci\u00f3, informar-vos sobre actualitzacions o millores relatives a l&#8217;\u00fas de https:\/\/saleses.org\/es\/, i not\u00edcies o esdeveniments d&#8217;inter\u00e8s.<\/p>\n<p>L&#8217;\u00fanica informaci\u00f3 comercial que podeu apar\u00e8ixer a la web ser\u00e0 la que publiquem on apareixeran les ofertes que posem a la vostra disposici\u00f3.<\/p>\n<p>Exercici de drets<\/p>\n<p>Com a usuari podr\u00e0 exercir els seus drets d&#8217;acc\u00e9s (saber quines dades tractem i qu\u00e8 fem amb ells) de rectificaci\u00f3 (modificar les dades que siguin incorrectes o inexactes) d&#8217;oposici\u00f3 (oposar-se al tractament concret de les dades per a una activitat), de supressi\u00f3 (poder cancel\u00b7lar completament les teves dades com a usuari), portabilitat (ser transmesos a petici\u00f3 de l&#8217;usuari a una altra empresa) i limitaci\u00f3 del tractament (aturar el tractament realitzat fins ara). Per fer-ho, us heu de posar en contacte amb nosaltres a trav\u00e9s del correu postal, o per correu electr\u00f2nic indicat m\u00e9s amunt, indicant expressament la vostra petici\u00f3, i adjuntar un document que us identifiqui (DNI o passaport) per poder atendre la vostra sol\u00b7licitud.<\/p>\n<p>A m\u00e9s, podrem contactar amb vost\u00e8 per qualsevol mitj\u00e0 electr\u00f2nic disponible (plataforma web, email, tel\u00e8fon, missatges mms o sms) per enviar-li notificacions internes del sistema, tramitaci\u00f3 de reserves de productes, informar-lo sobre actualitzacions o millores relatives a l&#8217;\u00fas, i not\u00edcies o esdeveniments inter\u00e8s.<\/p>\n<p>\u00c9s important que s\u00e0piga quines s\u00f3n les conseq\u00fc\u00e8ncies de la cancel\u00b7laci\u00f3 de les vostres dades com a usuari de CLUB D&#8217;AVIS LES SALESES, per aix\u00f2 us informem que, si sol\u00b7liciteu la cancel\u00b7laci\u00f3 de les dades, perdreu el compte amb qu\u00e8 es va registrar, i caldr\u00e0 iniciar una nova nova per tornar a ser usuari.<\/p>\n<p>Mesures de seguretat<\/p>\n<p>CLUB D\u2019AVIS LES SALESES ha realitzat una avaluaci\u00f3 d\u2019impacte de tots els tractaments de dades realitzades. Com a conseq\u00fc\u00e8ncia d&#8217;aquesta avaluaci\u00f3 ha definit cada proc\u00e9s i, intentant minimitzar els riscos eventuals, garantint amb la m\u00e0xima dilig\u00e8ncia la protecci\u00f3 adequada dels drets fonamentals dels usuaris dins de l&#8217;entorn d&#8217;organitzaci\u00f3 del centre educatiu.<\/p>\n<p>Som conscients de la preocupaci\u00f3 de l&#8217;usuari per la seguretat, per aix\u00f2, hem optat per implementar els nivells de seguretat m\u00e9s estrictes que permetin el funcionament adequat del web, de les seves funcionalitats i dels seus serveis, preservant la integritat de les dades i informacions emmagatzemades . Els serveis s\u00f3n prestats amb els nostres propis recursos tecnol\u00f2gics i de vegades per tercers que disposen de les mesures de seguretat necess\u00e0ries per assegurar la impossibilitat d&#8217;acc\u00e9s no autoritzat segons la t\u00e8cnica i la tecnologia ordin\u00e0ria actual. A CLUB D&#8217;AVIS LES SALESES volem que el servei que els nostres clients rebin ofereixi una experi\u00e8ncia d&#8217;usuari satisfact\u00f2ria i segura, per la qual cosa nom\u00e9s triem prove\u00efdors de reputada traject\u00f2ria i solv\u00e8ncia t\u00e8cnica que permeten el compliment de la normativa de seguretat legal vigent, per evitar p\u00e8rdua, mal \u00fas o acc\u00e9s per persones no autoritzades.<\/p>\n<p>Edat per ser usuari de www.badalones.com\/contacte<\/p>\n<p>Amb car\u00e0cter general per ser usuari de https:\/\/saleses.org\/es\/ caldr\u00e0 que sigui MAJOR D&#8217;EDAT (divuit anys). Si el nostre equip detecta que algun compte d&#8217;usuari pertany a un menor de l&#8217;edat indicada, podrem contactar amb vost\u00e8 per esbrinar-ne l&#8217;edat. Per aix\u00f2, podrem sol\u00b7licitar-vos l&#8217;aportaci\u00f3 del Document Nacional d&#8217;Identitat (DNI) o un altre document equivalent dins un termini determinat. En cas de no ser aportat o comprovar que el perfil s&#8217;ha creat per un menor de l&#8217;edat indicada podrem procedir al bloqueig o cancel\u00b7laci\u00f3 definitiva del seu perfil com a usuari.<\/p>\n<p>6 \u00b7 COOKIES I ARXIUS DE REGISTRE<\/p>\n<p>A la p\u00e0gina https:\/\/saleses.org\/es\/ utilitzem cookies per facilitar la relaci\u00f3 dels visitants amb el nostre contingut i per permetre elaborar estad\u00edstiques sobre les visitants que rebem. En compliment de la Directiva 2009\/136\/CE, desenvolupada en el nostre ordenament per l&#8217;apartat segon de l&#8217;article 22 de la Llei de Serveis de Societat de la Informaci\u00f3, seguint les directrius de l&#8217;Ag\u00e8ncia Espanyola de Protecci\u00f3 de Dades, procedim a informar-vos detalladament del \u00fas que es realitza a la nostra web. Es denominen cookies a uns petits arxius que es graven al navegador utilitzat per cada visitant de la nostra web perqu\u00e8 el servidor pugui recordar la visita d&#8217;aquest usuari amb posterioritat quan torni a accedir als nostres continguts. Aquesta informaci\u00f3 no revela la seva identitat, ni cap dada personal, ni accedeix al contingut emmagatzemat en el seu pc, per\u00f2 s\u00ed que permet al nostre sistema identificar-vos com un usuari determinat que ja va visitar la web amb anterioritat, va visualitzar determinades p\u00e0gines, etc. ia m\u00e9s permet guardar les seves prefer\u00e8ncies personals i informaci\u00f3 t\u00e8cnica com ara les visites realitzades o p\u00e0gines concretes que visiti. Si vost\u00e8 no desitja que es guardin cookies al vostre navegador o prefereix rebre una informaci\u00f3 cada vegada que una galeta sol\u00b7liciti instal\u00b7lar-se, podeu configurar les vostres opcions de navegaci\u00f3 perqu\u00e8 es faci d&#8217;aquesta manera. La major part dels navegadors permeten la gesti\u00f3 de les cookies de tres maneres diferents:<\/p>\n<p>Les galetes s\u00f3n sempre rebutjades;<\/p>\n<p>El navegador pregunta si l&#8217;usuari vol instal\u00b7lar cada galeta;<\/p>\n<p>Les galetes s\u00f3n sempre acceptades;<\/p>\n<p>El vostre navegador tamb\u00e9 pot incloure la possibilitat de seleccionar amb detall les cookies que voleu que s&#8217;instal\u00b7lin al vostre ordinador. En concret, l&#8217;usuari pot normalment acceptar alguna de les opcions seg\u00fcents:<\/p>\n<p>rebutjar les galetes de determinats dominis;<\/p>\n<p>rebutjar les galetes de tercers;<\/p>\n<p>acceptar cookies com a no persistents (s&#8217;eliminen quan el navegador es tanca);<\/p>\n<p>permetre al servidor crear cookies per a un domini diferent.<\/p>\n<\/div>\n<p><!--more--><br \/>\n<!-- {\"name\":\"wpml_politica\",\"type\":\"layout\",\"children\":[{\"type\":\"section\",\"props\":{\"style\":\"default\",\"width\":\"default\",\"vertical_align\":\"middle\",\"title_position\":\"top-left\",\"title_rotation\":\"left\",\"title_breakpoint\":\"xl\",\"image_position\":\"center-center\"},\"children\":[{\"type\":\"row\",\"children\":[{\"type\":\"column\",\"props\":{\"image_position\":\"center-center\",\"media_overlay_gradient\":\"\",\"position_sticky_breakpoint\":\"m\"},\"children\":[{\"type\":\"text\",\"props\":{\"margin\":\"default\",\"column_breakpoint\":\"m\",\"content\":\"\n\n<p>POL\\u00cdTICA DE PRIVACITAT I PROTECCI\\u00d3 DE DADES<\\\/p>\\n\n\n<p>Sabem que la protecci\\u00f3 de la informaci\\u00f3 personal \\u00e9s important per als nostres usuaris i tamb\\u00e9 ho \\u00e9s per a nosaltres, per aix\\u00f2, us recomanem que abans de registrar-vos com a usuari i acceptar el tractament de les vostres dades, llegiu atentament la nostra pol\\u00edtica de privadesa per comprendre com anem a tractar la vostra informaci\\u00f3 personal. personals\\u201d o \\u201cinformaci\\u00f3 personal\\u201d) que apareix aqu\\u00ed descrit per al seu emmagatzematge, \\u00fas i comunicaci\\u00f3 a tercers. peri\\u00f2dicament. SI EN ALGUN MOMENT, COM A CONSEQ\\u00dc\\u00c8NCIA DE LA MODIFICACIONS REALITZADES, NO EST\\u00c0S D'ACORD AMB LA NOSTRA POL\\u00cdTICA PODR\\u00c0 CANCEL\\u00b7LAR EL SEU COMPTE D'USUARI.<\\\/p>\\n\n\n<p>Titularitat de les dades i finalitat d\\u00fas daquestes.<\\\/p>\\n\n\n<p>Les vostres dades s'incorporen al fitxer el responsable del qual \\u00e9s:<\\\/p>\\n\n\n<p>NIF: G-08869133<\\\/p>\\n\n\n<p>Ra\\u00f3 social: CLUB D\\u2019AVIS LES SALESES<\\\/p>\\n\n\n<p>Domicili Social: Carrer Consell de Cent, 403 3r 2a 08009 Barcelona<\\\/p>\\n\n\n<p>Correu electr\\u00f2nic: protecciodades@residencialessaleses.org<\\\/p>\\n\n\n<p>Quan utilitzeu el formulari de registre a https:\\\/\\\/saleses.org\\\/es\\\/contacto ens facilita dades personals que s\\u00f3n incorporades a la nostra base de dades. Tamb\\u00e9 genera informaci\\u00f3 com a conseq\\u00fc\\u00e8ncia de la seva interacci\\u00f3 dins la nostra organitzaci\\u00f3 que podem conservar. Tot tractament de dades realitzat per CLUB D\\u2019AVIS LES SALESES sempre i en tot cas es basa en un consentiment expr\\u00e9s per part de l\\u00b4usuari.<\\\/p>\\n\n\n<p>Per demanar el consentiment, l'usuari haur\\u00e0 de marcar els checkbox que acompanyen el formulari de recollida de dades. Sense lautoritzaci\\u00f3 expressa, les dades no seran tractades, avisant aix\\u00ed la web que no permetr\\u00e0 continuar amb el proc\\u00e9s quan el tractament sigui necessari. La nostra web genera un registre de cadascun dels consentiments prestats per l'usuari als efectes de poder acreditar-ne la prestaci\\u00f3 efectiva i la data.<\\\/p>\\n\n\n<p>Entenem per consentiment expr\\u00e9s aquell que implica un acte positiu per part de l'usuari, no basant mai un tractament en el simple silenci o inacci\\u00f3 de l'usuari.<\\\/p>\\n\n\n<p>Igualment seran objecte de tractament les dades que ens faciliti per accedir a qualsevol servei o funcionalitat que posem a la seva disposici\\u00f3 dins la p\\u00e0gina web, sempre informant del tractament que es realitzar\\u00e0 i demanant el seu consentiment de forma expressa.<\\\/p>\\n\n\n<p>Les dades seran conservades mentre no manifesti el contrari, comunicant-nos la seva decisi\\u00f3 de no continuar utilitzant les funcionalitats per a les quals ens ho va facilitar.<\\\/p>\\n\n\n<p>Us informem que la nostra plataforma no realitza cap tractament encaminat a adoptar decisions automatitzades o elaboraci\\u00f3 de perfils, i tampoc es realitza, ni es t\\u00e9 previsi\\u00f3 realitzar transfer\\u00e8ncies a tercers pa\\u00efsos<\\\/p>\\n\n\n<p>A m\\u00e9s, posem a disposici\\u00f3 dels usuaris de la web formularis per contactar amb nosaltres i fer-nos arribar els vostres suggeriments.<\\\/p>\\n\n\n<p>Totes les dades seran incorporades als diferents Registres d'Activitat del Tractament que estan a disposici\\u00f3 de l'Ag\\u00e8ncia Espanyola de Protecci\\u00f3 de Dades (d'ara endavant \\u201cAEPD\\u201d) qui s'encarrega de vetllar pel compliment de la normativa de protecci\\u00f3 de dades segons la legislaci\\u00f3 espanyola i europea vigent, i davant de qui pot presentar una reclamaci\\u00f3 si considera que la nostra plataforma ha danyat els seus Drets Fonamentals en mat\\u00e8ria de Protecci\\u00f3 de Dades.<\\\/p>\\n\n\n<p>Les dades que ens faciliteu durant l'\\u00fas de les funcions del web de CLUB D\\u2019AVIS LES SALESES poden ser obligat\\u00f2ries o no, per\\u00f2 sempre us indicarem quan ho s\\u00f3n a trav\\u00e9s d'un asterisc o mecanisme similar. Si no ens facilita les dades obligat\\u00f2ries no podr\\u00e0 accedir al servei que estigui sol\\u00b7licitant.<\\\/p>\\n\n\n<p>Finalitat i legitimaci\\u00f3 en la recollida de dades per CLUB D\\u2019AVIS LES SALESES<\\\/p>\\n\n\n<p>Les dades requerides s\\u00f3n necess\\u00e0ries per poder-lo identificar, i per utilitzar o\\\/i accedir als serveis i funcionalitats que tindr\\u00e0 a la seva disposici\\u00f3 a https:\\\/\\\/saleses.org\\\/es\\\/. En particular seran utilitzats per poder gestionar les vostres sol\\u00b7licituds i l'enviament d'informaci\\u00f3 del vostre inter\\u00e8s.<\\\/p>\\n\n\n<p>La legitimaci\\u00f3 de qualsevol tractament realitzat per CLUB D\\u2019AVIS LES SALESES sempre \\u00e9s el propi consentiment de l'usuari. No rebem dades de tercers, ni compartim les dades de la nostra base de dades amb altres entitats, ni s\\u00f3n objecte de cessi\\u00f3. Comptem ocasionalment amb encarregats de tractament de dades que han estat elegits diligentment amb la verificaci\\u00f3 pr\\u00e8via de la seva capacitat per al compliment amb el RGPD.<\\\/p>\\n\n\n<p>A m\\u00e9s, podrem contactar amb vost\\u00e8 per qualsevol mitj\\u00e0 electr\\u00f2nic disponible (plataforma web, email, tel\\u00e8fon, missatges mms o sms) per enviar-li notificacions internes del sistema, sol\\u00b7licituds de validaci\\u00f3 per a l'us codis d'invitaci\\u00f3, informar-vos sobre actualitzacions o millores relatives a l'\\u00fas de https:\\\/\\\/saleses.org\\\/es\\\/, i not\\u00edcies o esdeveniments d'inter\\u00e8s.<\\\/p>\\n\n\n<p>L'\\u00fanica informaci\\u00f3 comercial que podeu apar\\u00e8ixer a la web ser\\u00e0 la que publiquem on apareixeran les ofertes que posem a la vostra disposici\\u00f3.<\\\/p>\\n\n\n<p>Exercici de drets<\\\/p>\\n\n\n<p>Com a usuari podr\\u00e0 exercir els seus drets d'acc\\u00e9s (saber quines dades tractem i qu\\u00e8 fem amb ells) de rectificaci\\u00f3 (modificar les dades que siguin incorrectes o inexactes) d'oposici\\u00f3 (oposar-se al tractament concret de les dades per a una activitat), de supressi\\u00f3 (poder cancel\\u00b7lar completament les teves dades com a usuari), portabilitat (ser transmesos a petici\\u00f3 de l'usuari a una altra empresa) i limitaci\\u00f3 del tractament (aturar el tractament realitzat fins ara). Per fer-ho, us heu de posar en contacte amb nosaltres a trav\\u00e9s del correu postal, o per correu electr\\u00f2nic indicat m\\u00e9s amunt, indicant expressament la vostra petici\\u00f3, i adjuntar un document que us identifiqui (DNI o passaport) per poder atendre la vostra sol\\u00b7licitud.<\\\/p>\\n\n\n<p>A m\\u00e9s, podrem contactar amb vost\\u00e8 per qualsevol mitj\\u00e0 electr\\u00f2nic disponible (plataforma web, email, tel\\u00e8fon, missatges mms o sms) per enviar-li notificacions internes del sistema, tramitaci\\u00f3 de reserves de productes, informar-lo sobre actualitzacions o millores relatives a l'\\u00fas, i not\\u00edcies o esdeveniments inter\\u00e8s.<\\\/p>\\n\n\n<p>\\u00c9s important que s\\u00e0piga quines s\\u00f3n les conseq\\u00fc\\u00e8ncies de la cancel\\u00b7laci\\u00f3 de les vostres dades com a usuari de CLUB D'AVIS LES SALESES, per aix\\u00f2 us informem que, si sol\\u00b7liciteu la cancel\\u00b7laci\\u00f3 de les dades, perdreu el compte amb qu\\u00e8 es va registrar, i caldr\\u00e0 iniciar una nova nova per tornar a ser usuari.<\\\/p>\\n\n\n<p>Mesures de seguretat<\\\/p>\\n\n\n<p>CLUB D\\u2019AVIS LES SALESES ha realitzat una avaluaci\\u00f3 d\\u2019impacte de tots els tractaments de dades realitzades. Com a conseq\\u00fc\\u00e8ncia d'aquesta avaluaci\\u00f3 ha definit cada proc\\u00e9s i, intentant minimitzar els riscos eventuals, garantint amb la m\\u00e0xima dilig\\u00e8ncia la protecci\\u00f3 adequada dels drets fonamentals dels usuaris dins de l'entorn d'organitzaci\\u00f3 del centre educatiu.<\\\/p>\\n\n\n<p>Som conscients de la preocupaci\\u00f3 de l'usuari per la seguretat, per aix\\u00f2, hem optat per implementar els nivells de seguretat m\\u00e9s estrictes que permetin el funcionament adequat del web, de les seves funcionalitats i dels seus serveis, preservant la integritat de les dades i informacions emmagatzemades . Els serveis s\\u00f3n prestats amb els nostres propis recursos tecnol\\u00f2gics i de vegades per tercers que disposen de les mesures de seguretat necess\\u00e0ries per assegurar la impossibilitat d'acc\\u00e9s no autoritzat segons la t\\u00e8cnica i la tecnologia ordin\\u00e0ria actual. A CLUB D'AVIS LES SALESES volem que el servei que els nostres clients rebin ofereixi una experi\\u00e8ncia d'usuari satisfact\\u00f2ria i segura, per la qual cosa nom\\u00e9s triem prove\\u00efdors de reputada traject\\u00f2ria i solv\\u00e8ncia t\\u00e8cnica que permeten el compliment de la normativa de seguretat legal vigent, per evitar p\\u00e8rdua, mal \\u00fas o acc\\u00e9s per persones no autoritzades.<\\\/p>\\n\n\n<p>Edat per ser usuari de www.badalones.com\\\/contacte<\\\/p>\\n\n\n<p>Amb car\\u00e0cter general per ser usuari de https:\\\/\\\/saleses.org\\\/es\\\/ caldr\\u00e0 que sigui MAJOR D'EDAT (divuit anys). Si el nostre equip detecta que algun compte d'usuari pertany a un menor de l'edat indicada, podrem contactar amb vost\\u00e8 per esbrinar-ne l'edat. Per aix\\u00f2, podrem sol\\u00b7licitar-vos l'aportaci\\u00f3 del Document Nacional d'Identitat (DNI) o un altre document equivalent dins un termini determinat. En cas de no ser aportat o comprovar que el perfil s'ha creat per un menor de l'edat indicada podrem procedir al bloqueig o cancel\\u00b7laci\\u00f3 definitiva del seu perfil com a usuari.<\\\/p>\\n\n\n<p>6 \\u00b7 COOKIES I ARXIUS DE REGISTRE<\\\/p>\\n\n\n<p>A la p\\u00e0gina https:\\\/\\\/saleses.org\\\/es\\\/ utilitzem cookies per facilitar la relaci\\u00f3 dels visitants amb el nostre contingut i per permetre elaborar estad\\u00edstiques sobre les visitants que rebem. En compliment de la Directiva 2009\\\/136\\\/CE, desenvolupada en el nostre ordenament per l'apartat segon de l'article 22 de la Llei de Serveis de Societat de la Informaci\\u00f3, seguint les directrius de l'Ag\\u00e8ncia Espanyola de Protecci\\u00f3 de Dades, procedim a informar-vos detalladament del \\u00fas que es realitza a la nostra web. Es denominen cookies a uns petits arxius que es graven al navegador utilitzat per cada visitant de la nostra web perqu\\u00e8 el servidor pugui recordar la visita d'aquest usuari amb posterioritat quan torni a accedir als nostres continguts. Aquesta informaci\\u00f3 no revela la seva identitat, ni cap dada personal, ni accedeix al contingut emmagatzemat en el seu pc, per\\u00f2 s\\u00ed que permet al nostre sistema identificar-vos com un usuari determinat que ja va visitar la web amb anterioritat, va visualitzar determinades p\\u00e0gines, etc. ia m\\u00e9s permet guardar les seves prefer\\u00e8ncies personals i informaci\\u00f3 t\\u00e8cnica com ara les visites realitzades o p\\u00e0gines concretes que visiti. Si vost\\u00e8 no desitja que es guardin cookies al vostre navegador o prefereix rebre una informaci\\u00f3 cada vegada que una galeta sol\\u00b7liciti instal\\u00b7lar-se, podeu configurar les vostres opcions de navegaci\\u00f3 perqu\\u00e8 es faci d'aquesta manera. La major part dels navegadors permeten la gesti\\u00f3 de les cookies de tres maneres diferents:<\\\/p>\\n\n\n<p>Les galetes s\\u00f3n sempre rebutjades;<\\\/p>\\n\n\n<p>El navegador pregunta si l'usuari vol instal\\u00b7lar cada galeta;<\\\/p>\\n\n\n<p>Les galetes s\\u00f3n sempre acceptades;<\\\/p>\\n\n\n<p>El vostre navegador tamb\\u00e9 pot incloure la possibilitat de seleccionar amb detall les cookies que voleu que s'instal\\u00b7lin al vostre ordinador. En concret, l'usuari pot normalment acceptar alguna de les opcions seg\\u00fcents:<\\\/p>\\n\n\n<p>rebutjar les galetes de determinats dominis;<\\\/p>\\n\n\n<p>rebutjar les galetes de tercers;<\\\/p>\\n\n\n<p>acceptar cookies com a no persistents (s'eliminen quan el navegador es tanca);<\\\/p>\\n\n\n<p>permetre al servidor crear cookies per a un domini diferent.<\\\/p>\"}}]}]}]}],\"version\":\"2.7.15\"} --><\/p>\n","protected":false},"excerpt":{"rendered":"<p>POL\u00cdTICA DE PRIVACITAT I PROTECCI\u00d3 DE DADES Sabem que la protecci\u00f3 de la informaci\u00f3 personal \u00e9s important per als nostres usuaris i tamb\u00e9 ho \u00e9s per a nosaltres, per aix\u00f2, us recomanem que abans de registrar-vos com a usuari i acceptar el tractament de les vostres dades, llegiu atentament la nostra pol\u00edtica de privadesa per [&hellip;]<\/p>\n","protected":false},"author":1,"featured_media":0,"parent":0,"menu_order":99,"comment_status":"closed","ping_status":"closed","template":"","meta":{"footnotes":""},"class_list":["post-2219","page","type-page","status-publish","hentry"],"_links":{"self":[{"href":"https:\/\/saleses.org\/ca\/wp-json\/wp\/v2\/pages\/2219","targetHints":{"allow":["GET"]}}],"collection":[{"href":"https:\/\/saleses.org\/ca\/wp-json\/wp\/v2\/pages"}],"about":[{"href":"https:\/\/saleses.org\/ca\/wp-json\/wp\/v2\/types\/page"}],"author":[{"embeddable":true,"href":"https:\/\/saleses.org\/ca\/wp-json\/wp\/v2\/users\/1"}],"replies":[{"embeddable":true,"href":"https:\/\/saleses.org\/ca\/wp-json\/wp\/v2\/comments?post=2219"}],"version-history":[{"count":2,"href":"https:\/\/saleses.org\/ca\/wp-json\/wp\/v2\/pages\/2219\/revisions"}],"predecessor-version":[{"id":2301,"href":"https:\/\/saleses.org\/ca\/wp-json\/wp\/v2\/pages\/2219\/revisions\/2301"}],"wp:attachment":[{"href":"https:\/\/saleses.org\/ca\/wp-json\/wp\/v2\/media?parent=2219"}],"curies":[{"name":"wp","href":"https:\/\/api.w.org\/{rel}","templated":true}]}}